{"id":354,"date":"2024-06-06T20:16:00","date_gmt":"2024-06-06T18:16:00","guid":{"rendered":"https:\/\/consultingcycenergia.es\/?page_id=354"},"modified":"2024-06-06T20:16:24","modified_gmt":"2024-06-06T18:16:24","slug":"cookie-policy","status":"publish","type":"page","link":"https:\/\/consultingcycenergia.es\/en\/politica-de-cookies\/","title":{"rendered":"Cookies policy"},"content":{"rendered":"\t\t<div data-elementor-type=\"wp-page\" data-elementor-id=\"354\" class=\"elementor elementor-354\" data-elementor-post-type=\"page\">\n\t\t\t\t<div class=\"elementor-element elementor-element-c7a94b8 e-flex e-con-boxed e-con e-parent\" data-id=\"c7a94b8\" data-element_type=\"container\" data-e-type=\"container\">\n\t\t\t\t\t<div class=\"e-con-inner\">\n\t\t\t\t<div class=\"elementor-element elementor-element-3bb5e713 elementor-widget elementor-widget-text-editor\" data-id=\"3bb5e713\" data-element_type=\"widget\" data-e-type=\"widget\" data-widget_type=\"text-editor.default\">\n\t\t\t\t<div class=\"elementor-widget-container\">\n\t\t\t\t\t\t\t\t\t<p>En Consulting CyC Energ\u00eda, accesible desde <a href=\"https:\/\/consultingcycenergia.es\/\" target=\"_new\" rel=\"noreferrer\">https:\/\/consultingcycenergia.es\/<\/a>, utilizamos cookies para mejorar la experiencia de nuestros usuarios. Esta Pol\u00edtica de Cookies explica qu\u00e9 son las cookies, c\u00f3mo las utilizamos y c\u00f3mo puede gestionarlas.<\/p><h4>\u00bfQu\u00e9 son las Cookies?<\/h4><p>Las cookies son peque\u00f1os archivos de texto que se almacenan en su dispositivo (ordenador, tableta, smartphone, etc.) cuando visita un sitio web. Las cookies permiten que el sitio web recuerde sus acciones y preferencias (como inicio de sesi\u00f3n, idioma, tama\u00f1o de fuente y otras preferencias de visualizaci\u00f3n) durante un per\u00edodo de tiempo, de modo que no tenga que volver a configurarlas cada vez que regrese al sitio o navegue de una p\u00e1gina a otra.<\/p><h4>Tipos de Cookies que Utilizamos<\/h4><ol><li><p><strong>Cookies Esenciales:<\/strong> Estas cookies son necesarias para que el sitio web funcione correctamente. Permiten la navegaci\u00f3n y el uso de las diferentes opciones o servicios que en ella existen, como acceder a \u00e1reas seguras del sitio web. Sin estas cookies, no se pueden proporcionar algunos servicios solicitados.<\/p><\/li><li><p><strong>Cookies de Rendimiento:<\/strong> Estas cookies recopilan informaci\u00f3n sobre c\u00f3mo los visitantes usan un sitio web, por ejemplo, qu\u00e9 p\u00e1ginas visitan con m\u00e1s frecuencia y si reciben mensajes de error de las p\u00e1ginas web. Estas cookies no recopilan informaci\u00f3n que identifique a un visitante. Toda la informaci\u00f3n que recopilan estas cookies es agregada y, por lo tanto, an\u00f3nima. Solo se utilizan para mejorar el funcionamiento de un sitio web.<\/p><\/li><li><p><strong>Cookies Funcionales:<\/strong> Estas cookies permiten que el sitio web recuerde las elecciones que realiza el usuario (como su nombre de usuario, idioma o la regi\u00f3n en la que se encuentra) y proporcionan caracter\u00edsticas mejoradas y m\u00e1s personales. Estas cookies tambi\u00e9n se pueden usar para recordar los cambios que ha realizado en el tama\u00f1o del texto, las fuentes y otras partes de las p\u00e1ginas web que puede personalizar.<\/p><\/li><li><p><strong>Cookies de Publicidad:<\/strong> Estas cookies se utilizan para entregar anuncios m\u00e1s relevantes para usted y sus intereses. Tambi\u00e9n se utilizan para limitar la cantidad de veces que ve un anuncio, as\u00ed como para ayudar a medir la efectividad de las campa\u00f1as publicitarias. Por lo general, son colocadas por redes publicitarias con el permiso del operador del sitio web.<\/p><\/li><\/ol><h4>C\u00f3mo Utilizamos las Cookies<\/h4><p>En Consulting CyC Energ\u00eda utilizamos cookies para:<\/p><ul><li>Recordar sus preferencias y configuraciones durante y entre las visitas<\/li><li>Mejorar la velocidad y seguridad del sitio web<\/li><li>Permitirle compartir p\u00e1ginas con redes sociales como Facebook, Twitter, LinkedIn, etc.<\/li><li>Hacer nuestro marketing m\u00e1s eficiente<\/li><\/ul><h4>Gesti\u00f3n de Cookies<\/h4><p>Puede controlar y\/o borrar las cookies como desee. Para obtener m\u00e1s informaci\u00f3n sobre c\u00f3mo hacerlo, visite aboutcookies.org. Puede eliminar todas las cookies que ya est\u00e1n en su computadora y configurar la mayor\u00eda de los navegadores para que eviten que se instalen. Sin embargo, si hace esto, es posible que tenga que ajustar manualmente algunas preferencias cada vez que visite un sitio y que algunos servicios y funcionalidades no funcionen.<\/p><h4>Cookies de Terceros<\/h4><p>En algunos casos, tambi\u00e9n utilizamos cookies proporcionadas por terceros de confianza. Estas son:<\/p><ul><li><strong>Google Analytics:<\/strong> Google Analytics utiliza cookies para ayudarnos a analizar c\u00f3mo los usuarios utilizan el sitio web. La informaci\u00f3n generada por la cookie acerca de su uso del sitio web (incluida su direcci\u00f3n IP) ser\u00e1 transmitida y almacenada por Google en servidores en los Estados Unidos. Google usar\u00e1 esta informaci\u00f3n con el prop\u00f3sito de evaluar el uso del sitio web, recopilando informes sobre la actividad del sitio web para los operadores del sitio web y proporcionando otros servicios relacionados con la actividad del sitio web y el uso de Internet.<\/li><\/ul><h4>Cambios en la Pol\u00edtica de Cookies<\/h4><p>Podemos actualizar nuestra Pol\u00edtica de Cookies ocasionalmente. Le notificaremos cualquier cambio publicando la nueva Pol\u00edtica de Cookies en esta p\u00e1gina. Le recomendamos revisar esta pol\u00edtica peri\u00f3dicamente para estar informado sobre c\u00f3mo utilizamos las cookies.<\/p><h4>Contacto<\/h4><p>Si tiene alguna pregunta sobre nuestra Pol\u00edtica de Cookies, puede contactarnos a trav\u00e9s de [Email de contacto]<\/p>\t\t\t\t\t\t\t\t<\/div>\n\t\t\t\t<\/div>\n\t\t\t\t\t<\/div>\n\t\t\t\t<\/div>\n\t\t\t\t<\/div>\n\t\t","protected":false},"excerpt":{"rendered":"<p>En Consulting CyC Energ\u00eda, accesible desde https:\/\/consultingcycenergia.es\/, utilizamos cookies para mejorar la experiencia de nuestros usuarios. Esta Pol\u00edtica de Cookies explica qu\u00e9 son las cookies, c\u00f3mo las utilizamos y c\u00f3mo puede gestionarlas. \u00bfQu\u00e9 son las Cookies? Las cookies son peque\u00f1os archivos de texto que se almacenan en su dispositivo (ordenador, tableta, smartphone, etc.) cuando visita [&hellip;]<\/p>\n","protected":false},"author":1,"featured_media":0,"parent":0,"menu_order":0,"comment_status":"closed","ping_status":"closed","template":"","meta":{"footnotes":""},"class_list":["post-354","page","type-page","status-publish","hentry"],"_links":{"self":[{"href":"https:\/\/consultingcycenergia.es\/en\/wp-json\/wp\/v2\/pages\/354","targetHints":{"allow":["GET"]}}],"collection":[{"href":"https:\/\/consultingcycenergia.es\/en\/wp-json\/wp\/v2\/pages"}],"about":[{"href":"https:\/\/consultingcycenergia.es\/en\/wp-json\/wp\/v2\/types\/page"}],"author":[{"embeddable":true,"href":"https:\/\/consultingcycenergia.es\/en\/wp-json\/wp\/v2\/users\/1"}],"replies":[{"embeddable":true,"href":"https:\/\/consultingcycenergia.es\/en\/wp-json\/wp\/v2\/comments?post=354"}],"version-history":[{"count":3,"href":"https:\/\/consultingcycenergia.es\/en\/wp-json\/wp\/v2\/pages\/354\/revisions"}],"predecessor-version":[{"id":357,"href":"https:\/\/consultingcycenergia.es\/en\/wp-json\/wp\/v2\/pages\/354\/revisions\/357"}],"wp:attachment":[{"href":"https:\/\/consultingcycenergia.es\/en\/wp-json\/wp\/v2\/media?parent=354"}],"curies":[{"name":"wp","href":"https:\/\/api.w.org\/{rel}","templated":true}]}}