{"id":338,"date":"2024-06-06T20:07:56","date_gmt":"2024-06-06T18:07:56","guid":{"rendered":"https:\/\/consultingcycenergia.es\/?page_id=338"},"modified":"2026-04-08T13:44:42","modified_gmt":"2026-04-08T11:44:42","slug":"legal-notice","status":"publish","type":"page","link":"https:\/\/consultingcycenergia.es\/en\/aviso-legal\/","title":{"rendered":"Legal notice"},"content":{"rendered":"\t\t<div data-elementor-type=\"wp-page\" data-elementor-id=\"338\" class=\"elementor elementor-338\" data-elementor-post-type=\"page\">\n\t\t\t\t<div class=\"elementor-element elementor-element-1e6ed0d e-flex e-con-boxed e-con e-parent\" data-id=\"1e6ed0d\" data-element_type=\"container\" data-e-type=\"container\">\n\t\t\t\t\t<div class=\"e-con-inner\">\n\t\t\t\t<div class=\"elementor-element elementor-element-71745a4 elementor-widget elementor-widget-text-editor\" data-id=\"71745a4\" data-element_type=\"widget\" data-e-type=\"widget\" data-widget_type=\"text-editor.default\">\n\t\t\t\t<div class=\"elementor-widget-container\">\n\t\t\t\t\t\t\t\t\t<h2 data-path-to-node=\"2\"><b data-path-to-node=\"2\" data-index-in-node=\"0\">Aviso Legal<\/b><\/h2><p data-path-to-node=\"3\">Bienvenido al sitio web de <b data-path-to-node=\"3\" data-index-in-node=\"27\">Consulting CyC Energ\u00eda<\/b>, accesible a trav\u00e9s de la URL <a class=\"ng-star-inserted\" href=\"https:\/\/consultingcycenergia.es\/\" target=\"_blank\" rel=\"noopener\">https:\/\/consultingcycenergia.es\/<\/a>. A continuaci\u00f3n, se detallan las condiciones generales que regulan el uso de este sitio web.<\/p><h3 data-path-to-node=\"4\"><b data-path-to-node=\"4\" data-index-in-node=\"0\">Titular del Sitio Web<\/b><\/h3><ul data-path-to-node=\"5\"><li><p data-path-to-node=\"5,0,0\"><b data-path-to-node=\"5,0,0\" data-index-in-node=\"0\">Nombre de la empresa:<\/b> CONSULTING CYC ENERGIA SL.<\/p><\/li><li><p data-path-to-node=\"5,1,0\"><b data-path-to-node=\"5,1,0\" data-index-in-node=\"0\">Domicilio social:<\/b> Calle Federico Cantero Villamil, 2 &#8211; Bis, Plt, 28935 M\u00f3stoles, Madrid, Espa\u00f1a.<\/p><\/li><li><p data-path-to-node=\"5,2,0\"><b data-path-to-node=\"5,2,0\" data-index-in-node=\"0\">CIF:<\/b> B56289283<\/p><\/li><li><p data-path-to-node=\"5,3,0\"><b data-path-to-node=\"5,3,0\" data-index-in-node=\"0\">VAT (IVA):<\/b> B56289283<\/p><\/li><li><p data-path-to-node=\"5,4,0\"><b data-path-to-node=\"5,4,0\" data-index-in-node=\"0\">Correo electr\u00f3nico de contacto:<\/b> comercial@cycenergia.com<\/p><\/li><li><p data-path-to-node=\"5,5,0\"><b data-path-to-node=\"5,5,0\" data-index-in-node=\"0\">Tel\u00e9fono de contacto:<\/b> [Introducir n\u00famero de tel\u00e9fono si se desea mostrar]<\/p><\/li><\/ul><hr data-path-to-node=\"6\" \/><h3 data-path-to-node=\"7\"><b data-path-to-node=\"7\" data-index-in-node=\"0\">Condiciones de Uso<\/b><\/h3><p data-path-to-node=\"8\">El acceso y uso de este sitio web atribuye la condici\u00f3n de usuario e implica la aceptaci\u00f3n plena y sin reservas de todas y cada una de las disposiciones incluidas en este Aviso Legal en el momento en que el usuario acceda al sitio. Por lo tanto, el usuario<span class=\"citation-195 citation-end-195\"> debe leer atentamente el presente Aviso Legal en cada una de las ocasiones en que se proponga utilizar el sitio web, ya que \u00e9ste puede sufrir modificaciones.<\/span><\/p><div class=\"source-inline-chip-container ng-star-inserted\">\u00a0<\/div><h3 data-path-to-node=\"9\"><b data-path-to-node=\"9\" data-index-in-node=\"0\"><span class=\"citation-194 citation-end-194\">Contenidos y Propiedad Intelectual<\/span><\/b><\/h3><p data-path-to-node=\"10\"><span class=\"citation-193 citation-end-193\">Todos los contenidos del sitio w<\/span>eb, entendiendo por estos, a t\u00edtulo meramente enunciativo, los textos, fotograf\u00edas, gr\u00e1ficos, im\u00e1genes, iconos, tecnolog\u00eda, software, links y dem\u00e1s contenidos audiovisuales o sonoros, as\u00ed como su dise\u00f1o gr\u00e1fico y c\u00f3digos fuente, son propiedad intelectual de <b data-path-to-node=\"10\" data-index-in-node=\"290\">CONSULTING CYC ENERGIA SL.<\/b> o de terceros, sin que puedan entenderse cedidos al usuario ninguno de los derechos de explotaci\u00f3n reconocidos por la normativa vigente en materia de propiedad intelectual sobre los mismos.<\/p><div class=\"source-inline-chip-container ng-star-inserted\">\u00a0<\/div><h3 data-path-to-node=\"11\"><b data-path-to-node=\"11\" data-index-in-node=\"0\">Exclusi\u00f3n de Garant\u00edas y Responsabilidad<\/b><\/h3><p data-path-to-node=\"12\"><b data-path-to-node=\"12\" data-index-in-node=\"0\">CONSULTING CYC ENERGIA SL.<\/b> no se responsabiliza, en ning\u00fan caso, de los da\u00f1os y perjuicios de cualquier naturaleza que pudieran ocasionar, a t\u00edtulo enunciativo: errores u omisiones en los contenidos, falta de disponibilidad del sitio web o la transmisi\u00f3n de virus o programas maliciosos o lesivos en los contenidos, a pesar de haber adoptado todas las medidas tecnol\u00f3gicas necesarias para evitarlo.<\/p><h3 data-path-to-node=\"13\"><b data-path-to-node=\"13\" data-index-in-node=\"0\">Enlaces<\/b><\/h3><p data-path-to-node=\"14\">En el caso de que en <a class=\"ng-star-inserted\" href=\"https:\/\/consultingcycenergia.es\/\" target=\"_blank\" rel=\"noopener\">https:\/\/consultingcycenergia.es\/<\/a> se dispusiesen enlaces o hiperv\u00ednculos hac\u00eda otros sitios de Internet, <b data-path-to-node=\"14\" data-index-in-node=\"125\">CONSULTING CYC ENERGIA SL.<\/b> no ejercer\u00e1 ning\u00fan tipo de control sobre dichos sitios y contenidos. En ning\u00fan caso asumir\u00e1 responsabilidad alguna por los contenidos de alg\u00fan enlace perteneciente a un sitio web ajeno.<\/p><h3 data-path-to-node=\"15\"><b data-path-to-node=\"15\" data-index-in-node=\"0\">Modificaciones<\/b><\/h3><p data-path-to-node=\"16\"><b data-path-to-node=\"16\" data-index-in-node=\"0\">CONSULTING CYC ENERGIA SL.<\/b> se reserva el derecho de efectuar sin previo aviso las modificaciones que considere oportunas en su sitio web, pudiendo cambiar, suprimir o a\u00f1adir tanto los contenidos y servicios que se presten a trav\u00e9s del mismo como la forma en la que \u00e9stos aparezcan presentados o localizados en su sitio web.<\/p><h3 data-path-to-node=\"17\"><b data-path-to-node=\"17\" data-index-in-node=\"0\">Protecci\u00f3n de Datos Personales<\/b><\/h3><p data-path-to-node=\"18\">Para utilizar algunos de los servicios, los usuarios deben proporcionar previamente ciertos datos de car\u00e1cter personal. Para ello, <b data-path-to-node=\"18\" data-index-in-node=\"131\">CONSULTING CYC ENERGIA SL.<\/b> tratar\u00e1 automatizadamente los datos personales en cumplimiento con el Reglamento (UE) 2016\/679 del Parlamento Europeo y del Consejo, de 27 de abril de 2016, relativo a la protecci\u00f3n de las personas f\u00edsicas. El usuario puede acceder a la pol\u00edtica de prote<span class=\"citation-192\">cci\u00f3n de datos personales en el apartado <\/span><a href=\"https:\/\/consultingcycenergia.es\/politica-de-privacidad\/\"><b data-path-to-node=\"18\" data-index-in-node=\"453\"><span class=\"citation-192\">[Pol\u00edtica de Privacidad]<\/span><\/b><span class=\"citation-192 citation-end-192\">.<\/span><\/a><\/p><div class=\"source-inline-chip-container ng-star-inserted\">\u00a0<\/div><h3 data-path-to-node=\"19\"><b data-path-to-node=\"19\" data-index-in-node=\"0\"><span class=\"citation-191 citation-end-191\">Legislaci\u00f3n Aplicable y Jurisdicci\u00f3n<\/span><\/b><\/h3><p data-path-to-node=\"20\"><span class=\"citation-190\">La relaci\u00f3n entre <\/span><b data-path-to-node=\"20\" data-index-in-node=\"18\"><span class=\"citation-190\">CONSULTING CYC ENERGIA SL.<\/span><\/b><span class=\"citation-190 citation-end-190\"> y el usuario se regir\u00e1 por la normativa es<\/span>pa\u00f1ola vigente. Cualquier controversia se someter\u00e1 a los Juzgados y Tribunales de la ciudad de <b data-path-to-node=\"20\" data-index-in-node=\"182\">M\u00f3stoles (Madrid)<\/b>, salvo que la legislaci\u00f3n aplicable disponga otra cosa.<\/p><div class=\"source-inline-chip-container ng-star-inserted\">\u00a0<\/div><h3 data-path-to-node=\"21\"><b data-path-to-node=\"21\" data-index-in-node=\"0\">Contacto<\/b><\/h3><div class=\"source-inline-chip-container ng-star-inserted\">\u00a0<\/div><p data-path-to-node=\"22\">Para cualquier consulta o comentario sobre este Aviso Legal, puede contactar con nosotros a trav\u00e9s del correo electr\u00f3nico <b data-path-to-node=\"22\" data-index-in-node=\"122\">comercial@cycenergia.com<\/b> o llamando al tel\u00e9fono <strong>681 94 43 73<\/strong><\/p>\t\t\t\t\t\t\t\t<\/div>\n\t\t\t\t<\/div>\n\t\t\t\t\t<\/div>\n\t\t\t\t<\/div>\n\t\t\t\t<\/div>\n\t\t","protected":false},"excerpt":{"rendered":"<p>Aviso Legal Bienvenido al sitio web de Consulting CyC Energ\u00eda, accesible a trav\u00e9s de la URL https:\/\/consultingcycenergia.es\/. A continuaci\u00f3n, se detallan las condiciones generales que regulan el uso de este sitio web. Titular del Sitio Web Nombre de la empresa: CONSULTING CYC ENERGIA SL. Domicilio social: Calle Federico Cantero Villamil, 2 &#8211; Bis, Plt, 28935 [&hellip;]<\/p>\n","protected":false},"author":1,"featured_media":0,"parent":0,"menu_order":0,"comment_status":"closed","ping_status":"closed","template":"","meta":{"footnotes":""},"class_list":["post-338","page","type-page","status-publish","hentry"],"_links":{"self":[{"href":"https:\/\/consultingcycenergia.es\/en\/wp-json\/wp\/v2\/pages\/338","targetHints":{"allow":["GET"]}}],"collection":[{"href":"https:\/\/consultingcycenergia.es\/en\/wp-json\/wp\/v2\/pages"}],"about":[{"href":"https:\/\/consultingcycenergia.es\/en\/wp-json\/wp\/v2\/types\/page"}],"author":[{"embeddable":true,"href":"https:\/\/consultingcycenergia.es\/en\/wp-json\/wp\/v2\/users\/1"}],"replies":[{"embeddable":true,"href":"https:\/\/consultingcycenergia.es\/en\/wp-json\/wp\/v2\/comments?post=338"}],"version-history":[{"count":10,"href":"https:\/\/consultingcycenergia.es\/en\/wp-json\/wp\/v2\/pages\/338\/revisions"}],"predecessor-version":[{"id":655,"href":"https:\/\/consultingcycenergia.es\/en\/wp-json\/wp\/v2\/pages\/338\/revisions\/655"}],"wp:attachment":[{"href":"https:\/\/consultingcycenergia.es\/en\/wp-json\/wp\/v2\/media?parent=338"}],"curies":[{"name":"wp","href":"https:\/\/api.w.org\/{rel}","templated":true}]}}